{"id":3943,"date":"2023-09-21T20:15:55","date_gmt":"2023-09-21T19:15:55","guid":{"rendered":"https:\/\/knjiznica.spanger.org\/?page_id=3943"},"modified":"2023-09-21T20:23:36","modified_gmt":"2023-09-21T19:23:36","slug":"knjiznicni-red","status":"publish","type":"page","link":"https:\/\/knjiznica.spanger.org\/?page_id=3943","title":{"rendered":"Knji\u017eni\u010dni red"},"content":{"rendered":"\n<p class=\"has-small-font-size\"><strong>\u010cLANSTVO<\/strong><br \/>Vsi u\u010denci in zaposleni so \u010dlani \u0161olske knji\u017enice. \u010clanarine ni, izposoja je brezpla\u010dna. U\u010denci postanejo \u010dlani \u0161olske knji\u017enice ob vpisu v 1. razred.<\/p>\n\n\n\n<p class=\"has-small-font-size\"><strong>IZKAZNICA<\/strong><br \/>Vsak u\u010denec ob vpisu brezpla\u010dno prejme knji\u017eno izkaznico, ki jo uporablja vsa leta \u0161olanja. Izposoja je mo\u017ena le z izkaznico. \u010ce se kartica izgubi, se pla\u010da nadomestilo za novo kartico s ceno 1,5 eur. Namesto \u0161olske knji\u017ene izkaznice je mo\u017ena tudi uporaba kartice Urbana ali katere druge kartice s \u010drtno kodo na ime u\u010denca.<\/p>\n\n\n\n<p class=\"has-small-font-size\"><strong>\u010cAS ODPRTOSTI KNJI\u017dNICE<br \/><\/strong>\u0160olska knji\u017enica je za izposojo odprta v skladu z urnikom, ki se dolo\u010di ob za\u010detku \u0161olskega leta in je objavljen na vratih knji\u017enice ter na \u0161olski spletni strani.<\/p>\n\n\n\n<p class=\"has-small-font-size\"><strong>IZPOSOJA KNJI\u017dNI\u010cNEGA GRADIVA<br \/><\/strong>Uporabniki gradivo izposojajo praviloma za 14 dni in ga je mo\u017eno (v kolikor ne gre za iskano gradivo: doma\u010de branje, knjige za Cankarjevo priznanje) podalj\u0161ati \u0161e za 14 dni. V primeru, da u\u010denec z gradivom zamuja ve\u010d kot 10 dni, si novega gradiva na\u010deloma ne more izposoditi, dokler ne vrne zamujenega. U\u010denci si naenkrat lahko izposodijo najve\u010d 5 enot knji\u017eni\u010dnega gradiva, razen v izjemnih primerih (referati, seminarske naloge, projekti). Vsak uporabnik si izposodi gradivo osebno.<\/p>\n\n\n\n<p class=\"has-small-font-size\"><strong>ODNOS DO KNJI\u017dNI\u010cNEGA GRADIVA<br \/><\/strong>Do knji\u017eni\u010dnega gradiva imajo uporabniki odgovoren odnos, saj si vsak \u017eeli izposoditi nepo\u0161kodovano in \u010disto gradivo. \u010ce uporabnik gradivo izgubi ali uni\u010di, ga mora nadomestiti z novim. V kolikor gradivo na tr\u017ei\u0161\u010du ni ve\u010d dosegljivo, ga po dogovoru s knji\u017eni\u010darko nadomesti z drugim, vsebinsko enakovrednim gradivom.<\/p>\n\n\n\n<p class=\"has-small-font-size\"><strong>OBNA\u0160ANJE V PROSTORIH KNJI\u017dNICE<br \/><\/strong>V knji\u017enico ni dovoljeno prihajati v \u010devljih, prina\u0161ati hrane in pija\u010de, prav tako ni dovoljena uporaba mobilnih telefonov. Knji\u017enica je namenjena branju, pisanju doma\u010dih nalog, u\u010denju, pisanju referatov in drugih nalog, zato pazimo, da s svojim obna\u0161anjem ne motimo drugih pri njihovem delu. Kdor s svojim neprimernim vedenjem moti druge, mora knji\u017enico zapustiti.<\/p>\n","protected":false},"excerpt":{"rendered":"<p>\u010cLANSTVOVsi u\u010denci in zaposleni so \u010dlani \u0161olske knji\u017enice. \u010clanarine ni, izposoja je brezpla\u010dna. U\u010denci postanejo \u010dlani \u0161olske knji\u017enice ob vpisu v 1. razred. IZKAZNICAVsak u\u010denec ob vpisu brezpla\u010dno prejme knji\u017eno izkaznico, ki jo uporablja vsa leta \u0161olanja. Izposoja je mo\u017ena le z izkaznico. \u010ce se kartica izgubi, se pla\u010da nadomestilo za novo kartico s ceno 1,5 eur. Namesto \u0161olske knji\u017ene<\/p>\n","protected":false},"author":1,"featured_media":0,"parent":0,"menu_order":0,"comment_status":"closed","ping_status":"closed","template":"","meta":{"ngg_post_thumbnail":0,"h5ap_radio_sources":[],"footnotes":""},"class_list":["post-3943","page","type-page","status-publish","hentry"],"_links":{"self":[{"href":"https:\/\/knjiznica.spanger.org\/index.php?rest_route=\/wp\/v2\/pages\/3943","targetHints":{"allow":["GET"]}}],"collection":[{"href":"https:\/\/knjiznica.spanger.org\/index.php?rest_route=\/wp\/v2\/pages"}],"about":[{"href":"https:\/\/knjiznica.spanger.org\/index.php?rest_route=\/wp\/v2\/types\/page"}],"author":[{"embeddable":true,"href":"https:\/\/knjiznica.spanger.org\/index.php?rest_route=\/wp\/v2\/users\/1"}],"replies":[{"embeddable":true,"href":"https:\/\/knjiznica.spanger.org\/index.php?rest_route=%2Fwp%2Fv2%2Fcomments&post=3943"}],"version-history":[{"count":2,"href":"https:\/\/knjiznica.spanger.org\/index.php?rest_route=\/wp\/v2\/pages\/3943\/revisions"}],"predecessor-version":[{"id":3947,"href":"https:\/\/knjiznica.spanger.org\/index.php?rest_route=\/wp\/v2\/pages\/3943\/revisions\/3947"}],"wp:attachment":[{"href":"https:\/\/knjiznica.spanger.org\/index.php?rest_route=%2Fwp%2Fv2%2Fmedia&parent=3943"}],"curies":[{"name":"wp","href":"https:\/\/api.w.org\/{rel}","templated":true}]}}